{"id":22,"date":"2021-05-24T13:50:04","date_gmt":"2021-05-24T13:50:04","guid":{"rendered":"https:\/\/manutencaomaquinadefusao.com.br\/?page_id=22"},"modified":"2025-10-24T18:38:51","modified_gmt":"2025-10-24T18:38:51","slug":"nossos-clientes","status":"publish","type":"page","link":"https:\/\/manutencaomaquinadefusao.com.br\/index.php\/nossos-clientes\/","title":{"rendered":"Nossos Clientes"},"content":{"rendered":"\n<h2 class=\"wp-block-heading\">CONTATO<\/h2>\n\n\n\n<p><\/p>\n\n\n\n<p>Para iniciarmos seu atendimento de uma forma mais r\u00e1pida solicitamos o obs\u00e9quio de nos informar previamente a marca, modelo, n\u00famero de s\u00e9rie do equipamento, descri\u00e7\u00e3o detalhada do defeito que pode ser complementado com fotos e filmagens dos defeitos apresentados.<\/p>\n\n\n\n<p><strong>Centrais Atendimento para Manuten\u00e7\u00e3o:&nbsp;<\/strong><\/p>\n\n\n\n<p>contato@manutencaomaquinadefusao.com.br<\/p>\n\n\n\n<p>Fone:<strong>&nbsp;<a href=\"tel:+551125015799\" target=\"_blank\" rel=\"noopener\">(11) 2501 5799<\/a><\/strong><\/p>\n\n\n\n<p>WhatsApp:&nbsp; &nbsp;<a href=\"https:\/\/api.whatsapp.com\/send?phone=5511939032283&amp;text=Ol%C3%A1!%20Aqui%20%C3%A9%20da%20Assist\u00eancia%20T\u00e9cnica.%20Por%20favor%20confirme%20seu%20nome%2C%20cnpj%20da%20empresa%20e%20sua%20solicita%C3%A7%C3%A3o%20que%20em%20breve%20entraremos%20em%20contato.%20\" target=\"_blank\" rel=\"noopener\"><strong>(11) 93903-2283<\/strong><\/a><\/p>\n","protected":false},"excerpt":{"rendered":"<p>CONTATO Para iniciarmos seu atendimento de uma forma mais r\u00e1pida solicitamos o obs\u00e9quio de nos informar previamente a marca, modelo, n\u00famero de s\u00e9rie do equipamento, descri\u00e7\u00e3o detalhada do defeito que pode ser complementado com fotos e filmagens dos defeitos apresentados. Centrais Atendimento para Manuten\u00e7\u00e3o:&nbsp; contato@manutencaomaquinadefusao.com.br Fone:&nbsp;(11) 2501 5799 WhatsApp:&nbsp; &nbsp;(11) 93903-2283<\/p>\n","protected":false},"author":3,"featured_media":0,"parent":0,"menu_order":0,"comment_status":"closed","ping_status":"closed","template":"","meta":{"_uag_custom_page_level_css":"","site-sidebar-layout":"no-sidebar","site-content-layout":"page-builder","ast-site-content-layout":"full-width-container","site-content-style":"unboxed","site-sidebar-style":"unboxed","ast-global-header-display":"","ast-banner-title-visibility":"","ast-main-header-display":"","ast-hfb-above-header-display":"","ast-hfb-below-header-display":"","ast-hfb-mobile-header-display":"","site-post-title":"disabled","ast-breadcrumbs-content":"","ast-featured-img":"disabled","footer-sml-layout":"","ast-disable-related-posts":"","theme-transparent-header-meta":"","adv-header-id-meta":"","stick-header-meta":"","header-above-stick-meta":"","header-main-stick-meta":"","header-below-stick-meta":"","astra-migrate-meta-layouts":"set","ast-page-background-enabled":"default","ast-page-background-meta":{"desktop":{"background-color":"","background-image":"","background-repeat":"repeat","background-position":"center center","background-size":"auto","background-attachment":"scroll","background-type":"","background-media":"","overlay-type":"","overlay-color":"","overlay-opacity":"","overlay-gradient":""},"tablet":{"background-color":"","background-image":"","background-repeat":"repeat","background-position":"center center","background-size":"auto","background-attachment":"scroll","background-type":"","background-media":"","overlay-type":"","overlay-color":"","overlay-opacity":"","overlay-gradient":""},"mobile":{"background-color":"","background-image":"","background-repeat":"repeat","background-position":"center center","background-size":"auto","background-attachment":"scroll","background-type":"","background-media":"","overlay-type":"","overlay-color":"","overlay-opacity":"","overlay-gradient":""}},"ast-content-background-meta":{"desktop":{"background-color":"var(--ast-global-color-5)","background-image":"","background-repeat":"repeat","background-position":"center center","background-size":"auto","background-attachment":"scroll","background-type":"","background-media":"","overlay-type":"","overlay-color":"","overlay-opacity":"","overlay-gradient":""},"tablet":{"background-color":"var(--ast-global-color-5)","background-image":"","background-repeat":"repeat","background-position":"center center","background-size":"auto","background-attachment":"scroll","background-type":"","background-media":"","overlay-type":"","overlay-color":"","overlay-opacity":"","overlay-gradient":""},"mobile":{"background-color":"var(--ast-global-color-5)","background-image":"","background-repeat":"repeat","background-position":"center center","background-size":"auto","background-attachment":"scroll","background-type":"","background-media":"","overlay-type":"","overlay-color":"","overlay-opacity":"","overlay-gradient":""}},"footnotes":""},"class_list":["post-22","page","type-page","status-publish","hentry"],"uagb_featured_image_src":{"full":false,"thumbnail":false,"medium":false,"medium_large":false,"large":false,"1536x1536":false,"2048x2048":false},"uagb_author_info":{"display_name":"Matheus -","author_link":"https:\/\/manutencaomaquinadefusao.com.br\/author\/matheus\/"},"uagb_comment_info":0,"uagb_excerpt":"CONTATO Para iniciarmos seu atendimento de uma forma mais r\u00e1pida solicitamos o obs\u00e9quio de nos informar previamente a marca, modelo, n\u00famero de s\u00e9rie do equipamento, descri\u00e7\u00e3o detalhada do defeito que pode ser complementado com fotos e filmagens dos defeitos apresentados. Centrais Atendimento para Manuten\u00e7\u00e3o:&nbsp; contato@manutencaomaquinadefusao.com.br Fone:&nbsp;(11) 2501 5799 WhatsApp:&nbsp; &nbsp;(11) 93903-2283","_links":{"self":[{"href":"https:\/\/manutencaomaquinadefusao.com.br\/index.php\/wp-json\/wp\/v2\/pages\/22","targetHints":{"allow":["GET"]}}],"collection":[{"href":"https:\/\/manutencaomaquinadefusao.com.br\/index.php\/wp-json\/wp\/v2\/pages"}],"about":[{"href":"https:\/\/manutencaomaquinadefusao.com.br\/index.php\/wp-json\/wp\/v2\/types\/page"}],"author":[{"embeddable":true,"href":"https:\/\/manutencaomaquinadefusao.com.br\/index.php\/wp-json\/wp\/v2\/users\/3"}],"replies":[{"embeddable":true,"href":"https:\/\/manutencaomaquinadefusao.com.br\/index.php\/wp-json\/wp\/v2\/comments?post=22"}],"version-history":[{"count":38,"href":"https:\/\/manutencaomaquinadefusao.com.br\/index.php\/wp-json\/wp\/v2\/pages\/22\/revisions"}],"predecessor-version":[{"id":516,"href":"https:\/\/manutencaomaquinadefusao.com.br\/index.php\/wp-json\/wp\/v2\/pages\/22\/revisions\/516"}],"wp:attachment":[{"href":"https:\/\/manutencaomaquinadefusao.com.br\/index.php\/wp-json\/wp\/v2\/media?parent=22"}],"curies":[{"name":"wp","href":"https:\/\/api.w.org\/{rel}","templated":true}]}}